{"id":89,"date":"2020-10-23T01:00:05","date_gmt":"2020-10-23T04:00:05","guid":{"rendered":"http:\/\/localhost\/wordpress\/?page_id=89"},"modified":"2025-09-05T08:17:59","modified_gmt":"2025-09-05T11:17:59","slug":"eixos-tematicos","status":"publish","type":"page","link":"https:\/\/coloquioeducon.com\/xvii\/eixos-tematicos\/","title":{"rendered":"Eixos Tem\u00e1ticos"},"content":{"rendered":"\n<h2 class=\"wp-block-heading has-ast-global-color-4-color has-ast-global-color-0-background-color has-text-color has-background has-link-color has-medium-font-size wp-elements-97a85914c32e3d23376f25c7a35d2279\" style=\"border-radius:10px\"><strong>1 Pol\u00edticas Educacionais, Diversidade e Justi\u00e7a Social<\/strong><\/h2>\n\n\n\n<ul class=\"wp-block-list\">\n<li><strong>Ementa<\/strong>: Pol\u00edticas p\u00fablicas para a educa\u00e7\u00e3o b\u00e1sica; diversidade \u00e9tnico-racial e educa\u00e7\u00e3o antirracista; pol\u00edticas afirmativas; redu\u00e7\u00e3o de desigualdades sociais e regionais; vulnerabilidade social e direitos humanos; marcos legais (LDB, ECA, PNE); reformas educacionais e estrutura do sistema.<\/li>\n<\/ul>\n\n\n\n<div style=\"height:36px\" aria-hidden=\"true\" class=\"wp-block-spacer\"><\/div>\n\n\n\n<h2 class=\"wp-block-heading has-ast-global-color-4-color has-ast-global-color-0-background-color has-text-color has-background has-link-color has-medium-font-size wp-elements-0e4bde2ac18e0799b9c60848a35ffc3e\" style=\"border-radius:10px\"><strong>2 Educa\u00e7\u00e3o Inclusiva, Equidade e Tecnologia Assistiva<\/strong><\/h2>\n\n\n\n<ul class=\"wp-block-list\">\n<li><strong>Ementa<\/strong>: Fundamentos hist\u00f3ricos e conceituais da inclus\u00e3o; legisla\u00e7\u00e3o da educa\u00e7\u00e3o inclusiva; atendimento educacional especializado; media\u00e7\u00e3o pedag\u00f3gica; tecnologias assistivas; pr\u00e1ticas escolares inovadoras voltadas \u00e0 equidade educacional.<\/li>\n<\/ul>\n\n\n\n<div style=\"height:36px\" aria-hidden=\"true\" class=\"wp-block-spacer\"><\/div>\n\n\n\n<h2 class=\"wp-block-heading has-ast-global-color-4-color has-ast-global-color-0-background-color has-text-color has-background has-link-color has-medium-font-size wp-elements-d70e8f35d780a2d551a9bf92f371f84d\" style=\"border-radius:10px\"><strong>3 Educa\u00e7\u00e3o, Sociedade e Pr\u00e1ticas Educativas<\/strong><\/h2>\n\n\n\n<ul class=\"wp-block-list\">\n<li><strong>Ementa<\/strong>: Educa\u00e7\u00e3o e movimentos sociais; cidadania e participa\u00e7\u00e3o democr\u00e1tica; pr\u00e1ticas educativas formais e n\u00e3o formais; juventude, trabalho e educa\u00e7\u00e3o do campo; educa\u00e7\u00e3o para a paz; educa\u00e7\u00e3o ambiental, sustentabilidade e justi\u00e7a clim\u00e1tica.<\/li>\n<\/ul>\n\n\n\n<div style=\"height:36px\" aria-hidden=\"true\" class=\"wp-block-spacer\"><\/div>\n\n\n\n<h2 class=\"wp-block-heading has-ast-global-color-4-color has-ast-global-color-0-background-color has-text-color has-background has-link-color has-medium-font-size wp-elements-9db777bda12f6a7dbb427bead21f108e\" style=\"border-radius:10px\"><strong>4 Forma\u00e7\u00e3o Docente, Mem\u00f3ria e Hist\u00f3ria da Educa\u00e7\u00e3o<\/strong><\/h2>\n\n\n\n<ul class=\"wp-block-list\">\n<li><strong>Ementa<\/strong>: Forma\u00e7\u00e3o inicial e continuada; profissionaliza\u00e7\u00e3o docente; mestrado profissional; pol\u00edticas e pesquisas sobre doc\u00eancia; mem\u00f3ria, hist\u00f3ria e escrita (auto)biogr\u00e1fica; hist\u00f3ria da educa\u00e7\u00e3o como reflex\u00e3o cr\u00edtica sobre pr\u00e1ticas pedag\u00f3gicas.<\/li>\n<\/ul>\n\n\n\n<div style=\"height:36px\" aria-hidden=\"true\" class=\"wp-block-spacer\"><\/div>\n\n\n\n<h2 class=\"wp-block-heading has-ast-global-color-4-color has-ast-global-color-0-background-color has-text-color has-background has-link-color has-medium-font-size wp-elements-aa00c4d569eb2a33913bcabe23141eab\" style=\"border-radius:10px\"><strong>5 Ensino de Matem\u00e1tica e Ci\u00eancias: Saberes, Ambiente e Pr\u00e1ticas Investigativas<\/strong><\/h2>\n\n\n\n<ul class=\"wp-block-list\">\n<li><strong>Ementa<\/strong>: Tend\u00eancias da educa\u00e7\u00e3o matem\u00e1tica e cient\u00edfica; BNCC e curr\u00edculo; metodologias investigativas e ativas; letramento matem\u00e1tico e cient\u00edfico; avalia\u00e7\u00e3o; forma\u00e7\u00e3o docente nas \u00e1reas de exatas e naturais; educa\u00e7\u00e3o para ci\u00eancia e educa\u00e7\u00e3o ambiental.<\/li>\n<\/ul>\n\n\n\n<div style=\"height:36px\" aria-hidden=\"true\" class=\"wp-block-spacer\"><\/div>\n\n\n\n<h2 class=\"wp-block-heading has-ast-global-color-4-color has-ast-global-color-0-background-color has-text-color has-background has-link-color has-medium-font-size wp-elements-c968aed5f7b4affe9dda18ca20022838\" style=\"border-radius:10px\"><strong>6 Neuroci\u00eancia, Aprendizagem e Humanidades<\/strong><\/h2>\n\n\n\n<ul class=\"wp-block-list\">\n<li><strong>Ementa<\/strong>: Neuroeduca\u00e7\u00e3o, mem\u00f3ria e aten\u00e7\u00e3o; emo\u00e7\u00e3o e aprendizagem; psicologia da educa\u00e7\u00e3o e desenvolvimento; soft skills e compet\u00eancias socioemocionais; ensino das ci\u00eancias humanas e sociais; fundamentos da linguagem e literatura; forma\u00e7\u00e3o do leitor; inova\u00e7\u00e3o pedag\u00f3gica a partir de estudos da mente e da cultura.<\/li>\n<\/ul>\n\n\n\n<div style=\"height:36px\" aria-hidden=\"true\" class=\"wp-block-spacer\"><\/div>\n\n\n\n<h2 class=\"wp-block-heading has-ast-global-color-4-color has-ast-global-color-0-background-color has-text-color has-background has-link-color has-medium-font-size wp-elements-c9ec29e05f0581bbad173e549c2fa602\" style=\"border-radius:10px\"><strong>7 Educa\u00e7\u00e3o, Corpo e G\u00eanero<\/strong><\/h2>\n\n\n\n<ul class=\"wp-block-list\">\n<li><strong>Ementa<\/strong>: Corpo, identidade e autoestima; sexualidade nos direitos humanos e na educa\u00e7\u00e3o; inf\u00e2ncia, adolesc\u00eancia e g\u00eanero; rela\u00e7\u00f5es de g\u00eanero e mundo do trabalho; enfrentamento da viol\u00eancia de g\u00eanero; pr\u00e1ticas pedag\u00f3gicas de diversidade; integra\u00e7\u00e3o escola\u2013sa\u00fade\u2013fam\u00edlia.<\/li>\n<\/ul>\n\n\n\n<div style=\"height:36px\" aria-hidden=\"true\" class=\"wp-block-spacer\"><\/div>\n\n\n\n<h2 class=\"wp-block-heading has-ast-global-color-4-color has-ast-global-color-0-background-color has-text-color has-background has-link-color has-medium-font-size wp-elements-5bd3d3756f10caed99e5b528aefbe264\" style=\"border-radius:10px\"><strong>8&nbsp;<\/strong><strong>Educa\u00e7\u00e3o, Inova\u00e7\u00e3o e Tecnologias Digitais<\/strong><\/h2>\n\n\n\n<ul class=\"wp-block-list\">\n<li><strong>Ementa<\/strong>: Tecnologias digitais e ensino h\u00edbrido; metodologias ativas; m\u00eddias sociais e cultura digital; gamifica\u00e7\u00e3o e humanidades digitais; alfabetiza\u00e7\u00e3o midi\u00e1tica; intelig\u00eancia artificial aplicada \u00e0 educa\u00e7\u00e3o, \u00e9tica digital (privacidade, fake news, vigil\u00e2ncia); pol\u00edticas de inclus\u00e3o digital.<\/li>\n<\/ul>\n\n\n\n<div style=\"height:36px\" aria-hidden=\"true\" class=\"wp-block-spacer\"><\/div>\n\n\n\n<h2 class=\"wp-block-heading has-ast-global-color-4-color has-ast-global-color-0-background-color has-text-color has-background has-link-color has-medium-font-size wp-elements-cd997821cdae1fcd5d4cd791a53cc178\" style=\"border-radius:10px\"><strong>9 Rela\u00e7\u00e3o com o Saber<\/strong><\/h2>\n\n\n\n<ul class=\"wp-block-list\">\n<li><strong>Ementa:&nbsp;<\/strong>Pesquisas emp\u00edricas e te\u00f3ricas sobre a rela\u00e7\u00e3o com o saber; perspectivas sociol\u00f3gicas, psicol\u00f3gicas, psicanal\u00edticas e did\u00e1ticas; mobiliza\u00e7\u00e3o escolar; desejo, normas e inconsciente; diversidade social, cultural, de g\u00eanero e \u00e9tnica; rela\u00e7\u00e3o dos docentes e discentes com o saber em contextos formais e informais.<\/li>\n<\/ul>\n\n\n\n<div style=\"height:36px\" aria-hidden=\"true\" class=\"wp-block-spacer\"><\/div>\n\n\n\n<h2 class=\"wp-block-heading has-ast-global-color-4-color has-ast-global-color-0-background-color has-text-color has-background has-link-color has-medium-font-size wp-elements-1550e9e83379dc42abd25f1492f771b7\" style=\"border-radius:10px\"><strong>10 Educa\u00e7\u00e3o Superior, Juventude e Internacionaliza\u00e7\u00e3o<\/strong><\/h2>\n\n\n\n<ul class=\"wp-block-list\">\n<li><strong>Ementa<\/strong>: Fun\u00e7\u00e3o social da educa\u00e7\u00e3o superior; doc\u00eancia universit\u00e1ria e racionalidade t\u00e9cnica; pol\u00edticas afirmativas; metodologias e avalia\u00e7\u00e3o; juventude, culturas juvenis e inser\u00e7\u00e3o social; mundo do trabalho e contemporaneidade; internacionaliza\u00e7\u00e3o da educa\u00e7\u00e3o superior e coopera\u00e7\u00e3o acad\u00eamica.<\/li>\n<\/ul>\n\n\n\n<div style=\"height:36px\" aria-hidden=\"true\" class=\"wp-block-spacer\"><\/div>\n\n\n\n<h2 class=\"wp-block-heading has-ast-global-color-4-color has-ast-global-color-0-background-color has-text-color has-background has-link-color has-medium-font-size wp-elements-3b428a6d7094568bbd7b8a0eb00d609b\" style=\"border-radius:10px\"><strong>11 Curr\u00edculo, Gest\u00e3o Escolar e Pr\u00e1ticas Pedag\u00f3gicas<\/strong><\/h2>\n\n\n\n<ul class=\"wp-block-list\">\n<li><strong>Ementa<\/strong>: Organiza\u00e7\u00e3o curricular e trabalho pedag\u00f3gico; PPP (Projeto Pol\u00edtico-Pedag\u00f3gico); participa\u00e7\u00e3o democr\u00e1tica na escola; inova\u00e7\u00e3o na avalia\u00e7\u00e3o; papel do pedagogo; gest\u00e3o e pr\u00e1ticas coletivas; desafios da escola contempor\u00e2nea.<\/li>\n<\/ul>\n\n\n\n<div style=\"height:36px\" aria-hidden=\"true\" class=\"wp-block-spacer\"><\/div>\n\n\n\n<h2 class=\"wp-block-heading has-ast-global-color-4-color has-ast-global-color-0-background-color has-text-color has-background has-link-color has-medium-font-size wp-elements-28f0b4d6eec3890ffc66a35256ee4397\" style=\"border-radius:10px\"><strong>12 Educa\u00e7\u00e3o, Arte e Culturas<\/strong><\/h2>\n\n\n\n<ul class=\"wp-block-list\">\n<li><strong>Ementa:<\/strong>&nbsp;Multiculturalismo cr\u00edtico e decolonialidade; ensino das artes (m\u00fasica, teatro, artes visuais); arte como resist\u00eancia cr\u00edtica; interdisciplinaridade est\u00e9tica; religi\u00e3o e cultura; express\u00e3o art\u00edstica como pr\u00e1tica pedag\u00f3gica e cidad\u00e3; cultura digital como linguagem art\u00edstica.<\/li>\n<\/ul>\n\n\n\n<div style=\"height:36px\" aria-hidden=\"true\" class=\"wp-block-spacer\"><\/div>\n\n\n\n<h2 class=\"wp-block-heading has-ast-global-color-4-color has-ast-global-color-0-background-color has-text-color has-background has-link-color has-medium-font-size wp-elements-f3c992f45ae6d77cfe8d3f345612aa7e\" style=\"border-radius:10px\"><strong>13 Educa\u00e7\u00e3o e Sa\u00fade: Saberes e Pr\u00e1ticas Integradas<\/strong><\/h2>\n\n\n\n<ul class=\"wp-block-list\">\n<li><strong>Ementa<\/strong>: Fundamentos hist\u00f3ricos e epistemol\u00f3gicos da educa\u00e7\u00e3o em sa\u00fade; abordagens antropol\u00f3gicas, sociol\u00f3gicas e psicol\u00f3gicas; pr\u00e1ticas educativas em sa\u00fade coletiva; promo\u00e7\u00e3o de sa\u00fade e qualidade de vida; integra\u00e7\u00e3o entre escola, comunidade e pol\u00edticas de sa\u00fade.<\/li>\n<\/ul>\n\n\n\n<div style=\"height:36px\" aria-hidden=\"true\" class=\"wp-block-spacer\"><\/div>\n\n\n\n<h2 class=\"wp-block-heading has-ast-global-color-4-color has-ast-global-color-0-background-color has-text-color has-background has-link-color has-medium-font-size wp-elements-75f7ad6714333f6916d35f3798b34b38\" style=\"border-radius:10px\"><strong>14 Direito, Sociedade e Contemporaneidade<\/strong><\/h2>\n\n\n\n<ul class=\"wp-block-list\">\n<li><strong>Ementa:&nbsp;<\/strong>Direitos humanos, cidadania e democracia; ensino e hist\u00f3ria do direito; constitucionaliza\u00e7\u00e3o e impactos sociais; m\u00e9todos alternativos de resolu\u00e7\u00e3o de conflitos; profiss\u00f5es jur\u00eddicas e desafios contempor\u00e2neos; ODS e direito ao desenvolvimento sustent\u00e1vel; direito digital e intelig\u00eancia artificial aplicada ao direito.<\/li>\n<\/ul>\n\n\n\n<div style=\"height:36px\" aria-hidden=\"true\" class=\"wp-block-spacer\"><\/div>\n\n\n\n<h2 class=\"wp-block-heading has-ast-global-color-4-color has-ast-global-color-0-background-color has-text-color has-background has-link-color has-medium-font-size wp-elements-85b1aa4ff20115ec4e36a8807182cf1d\" style=\"border-radius:10px\"><strong>15 Pesquisa, Interdisciplinaridade e Transversalidade<\/strong><\/h2>\n\n\n\n<ul class=\"wp-block-list\">\n<li><strong>Ementa<\/strong>: Abordagens transdisciplinares e interdisciplinares; epistemologias emergentes; integra\u00e7\u00e3o entre ci\u00eancias humanas, exatas, biol\u00f3gicas e tecnol\u00f3gicas; novos m\u00e9todos de pesquisa (an\u00e1lises digitais, big data, IA, pesquisa-a\u00e7\u00e3o colaborativa); espa\u00e7o aberto para pesquisas inovadoras em \u00e1reas diversas. Pesquisas transversais e experimentais que dialoguem com diferentes \u00e1reas do conhecimento.<\/li>\n<\/ul>\n\n\n\n<p><\/p>\n","protected":false},"excerpt":{"rendered":"<p>1 Pol\u00edticas Educacionais, Diversidade e Justi\u00e7a Social 2 Educa\u00e7\u00e3o Inclusiva, Equidade e Tecnologia Assistiva 3 Educa\u00e7\u00e3o, Sociedade e Pr\u00e1ticas Educativas [&hellip;]<\/p>\n","protected":false},"author":1,"featured_media":0,"parent":0,"menu_order":7,"comment_status":"closed","ping_status":"closed","template":"","meta":{"site-sidebar-layout":"default","site-content-layout":"","ast-site-content-layout":"default","site-content-style":"default","site-sidebar-style":"default","ast-global-header-display":"","ast-banner-title-visibility":"","ast-main-header-display":"","ast-hfb-above-header-display":"","ast-hfb-below-header-display":"","ast-hfb-mobile-header-display":"","site-post-title":"","ast-breadcrumbs-content":"","ast-featured-img":"","footer-sml-layout":"","theme-transparent-header-meta":"","adv-header-id-meta":"","stick-header-meta":"","header-above-stick-meta":"","header-main-stick-meta":"","header-below-stick-meta":"","astra-migrate-meta-layouts":"default","ast-page-background-enabled":"default","ast-page-background-meta":{"desktop":{"background-color":"var(--ast-global-color-5)","background-image":"","background-repeat":"repeat","background-position":"center center","background-size":"auto","background-attachment":"scroll","background-type":"","background-media":"","overlay-type":"","overlay-color":"","overlay-opacity":"","overlay-gradient":""},"tablet":{"background-color":"","background-image":"","background-repeat":"repeat","background-position":"center center","background-size":"auto","background-attachment":"scroll","background-type":"","background-media":"","overlay-type":"","overlay-color":"","overlay-opacity":"","overlay-gradient":""},"mobile":{"background-color":"","background-image":"","background-repeat":"repeat","background-position":"center center","background-size":"auto","background-attachment":"scroll","background-type":"","background-media":"","overlay-type":"","overlay-color":"","overlay-opacity":"","overlay-gradient":""}},"ast-content-background-meta":{"desktop":{"background-color":"var(--ast-global-color-4)","background-image":"","background-repeat":"repeat","background-position":"center center","background-size":"auto","background-attachment":"scroll","background-type":"","background-media":"","overlay-type":"","overlay-color":"","overlay-opacity":"","overlay-gradient":""},"tablet":{"background-color":"var(--ast-global-color-4)","background-image":"","background-repeat":"repeat","background-position":"center center","background-size":"auto","background-attachment":"scroll","background-type":"","background-media":"","overlay-type":"","overlay-color":"","overlay-opacity":"","overlay-gradient":""},"mobile":{"background-color":"var(--ast-global-color-4)","background-image":"","background-repeat":"repeat","background-position":"center center","background-size":"auto","background-attachment":"scroll","background-type":"","background-media":"","overlay-type":"","overlay-color":"","overlay-opacity":"","overlay-gradient":""}},"footnotes":""},"class_list":["post-89","page","type-page","status-publish","hentry"],"_links":{"self":[{"href":"https:\/\/coloquioeducon.com\/xvii\/wp-json\/wp\/v2\/pages\/89","targetHints":{"allow":["GET"]}}],"collection":[{"href":"https:\/\/coloquioeducon.com\/xvii\/wp-json\/wp\/v2\/pages"}],"about":[{"href":"https:\/\/coloquioeducon.com\/xvii\/wp-json\/wp\/v2\/types\/page"}],"author":[{"embeddable":true,"href":"https:\/\/coloquioeducon.com\/xvii\/wp-json\/wp\/v2\/users\/1"}],"replies":[{"embeddable":true,"href":"https:\/\/coloquioeducon.com\/xvii\/wp-json\/wp\/v2\/comments?post=89"}],"version-history":[{"count":19,"href":"https:\/\/coloquioeducon.com\/xvii\/wp-json\/wp\/v2\/pages\/89\/revisions"}],"predecessor-version":[{"id":5554,"href":"https:\/\/coloquioeducon.com\/xvii\/wp-json\/wp\/v2\/pages\/89\/revisions\/5554"}],"wp:attachment":[{"href":"https:\/\/coloquioeducon.com\/xvii\/wp-json\/wp\/v2\/media?parent=89"}],"curies":[{"name":"wp","href":"https:\/\/api.w.org\/{rel}","templated":true}]}}