{"id":3818,"date":"2022-09-08T08:58:10","date_gmt":"2022-09-08T11:58:10","guid":{"rendered":"https:\/\/coloquioeducon.com\/xvi\/?page_id=3818"},"modified":"2022-09-09T17:01:31","modified_gmt":"2022-09-09T20:01:31","slug":"resumos-2022-index","status":"publish","type":"page","link":"https:\/\/coloquioeducon.com\/xvii\/resumos-2022-index\/","title":{"rendered":"Resumos &#8211; XVI Col\u00f3quio Internacional Educa\u00e7\u00e3o e Contemporaneidade"},"content":{"rendered":"\t\t<div data-elementor-type=\"wp-page\" data-elementor-id=\"3818\" class=\"elementor elementor-3818\">\n\t\t\t\t\t\t<section class=\"elementor-section elementor-top-section elementor-element elementor-element-7d67146 elementor-section-boxed elementor-section-height-default elementor-section-height-default\" data-id=\"7d67146\" data-element_type=\"section\" data-e-type=\"section\">\n\t\t\t\t\t\t<div class=\"elementor-container elementor-column-gap-default\">\n\t\t\t\t\t<div class=\"elementor-column elementor-col-100 elementor-top-column elementor-element elementor-element-a8a1cbf\" data-id=\"a8a1cbf\" data-element_type=\"column\" data-e-type=\"column\">\n\t\t\t<div class=\"elementor-widget-wrap elementor-element-populated\">\n\t\t\t\t\t\t<div class=\"elementor-element elementor-element-c5154cf elementor-widget elementor-widget-image\" data-id=\"c5154cf\" data-element_type=\"widget\" data-e-type=\"widget\" data-widget_type=\"image.default\">\n\t\t\t\t<div class=\"elementor-widget-container\">\n\t\t\t\t\t\t\t\t\t\t\t\t\t\t\t\t<a href=\"https:\/\/coloquioeducon.com\/xvi\/resumos-2022-index\">\n\t\t\t\t\t\t\t<img fetchpriority=\"high\" decoding=\"async\" width=\"768\" height=\"432\" src=\"https:\/\/coloquioeducon.com\/xvii\/wp-content\/uploads\/2022\/09\/Capa-Caderno-de-Resumos-4-768x432.png\" class=\"attachment-medium_large size-medium_large wp-image-3863\" alt=\"\" srcset=\"https:\/\/coloquioeducon.com\/xvii\/wp-content\/uploads\/2022\/09\/Capa-Caderno-de-Resumos-4-768x432.png 768w, https:\/\/coloquioeducon.com\/xvii\/wp-content\/uploads\/2022\/09\/Capa-Caderno-de-Resumos-4-300x169.png 300w, https:\/\/coloquioeducon.com\/xvii\/wp-content\/uploads\/2022\/09\/Capa-Caderno-de-Resumos-4-1024x576.png 1024w, https:\/\/coloquioeducon.com\/xvii\/wp-content\/uploads\/2022\/09\/Capa-Caderno-de-Resumos-4-1536x864.png 1536w, https:\/\/coloquioeducon.com\/xvii\/wp-content\/uploads\/2022\/09\/Capa-Caderno-de-Resumos-4-1200x675.png 1200w, https:\/\/coloquioeducon.com\/xvii\/wp-content\/uploads\/2022\/09\/Capa-Caderno-de-Resumos-4.png 1920w\" sizes=\"(max-width: 768px) 100vw, 768px\" \/>\t\t\t\t\t\t\t\t<\/a>\n\t\t\t\t\t\t\t\t\t\t\t\t\t\t\t<\/div>\n\t\t\t\t<\/div>\n\t\t\t\t<div class=\"elementor-element elementor-element-b59b421 elementor-widget elementor-widget-text-editor\" data-id=\"b59b421\" data-element_type=\"widget\" data-e-type=\"widget\" data-widget_type=\"text-editor.default\">\n\t\t\t\t<div class=\"elementor-widget-container\">\n\t\t\t\t\t\t\t\t\t<p><strong>Editores: Veleida Anahi Capua da Silva Charlot, Bernard Charlot &amp; Yan Capua Charlot<\/strong><\/p>\t\t\t\t\t\t\t\t<\/div>\n\t\t\t\t<\/div>\n\t\t\t\t<div class=\"elementor-element elementor-element-304fb7e elementor-widget elementor-widget-text-editor\" data-id=\"304fb7e\" data-element_type=\"widget\" data-e-type=\"widget\" data-widget_type=\"text-editor.default\">\n\t\t\t\t<div class=\"elementor-widget-container\">\n\t\t\t\t\t\t\t\t\t<p><strong>1 Pol\u00edticas P\u00fablicas para a Educa\u00e7\u00e3o B\u00e1sica, Diversidade \u00c9tnico-racial e Legisla\u00e7\u00e3o Educacional <a href=\"https:\/\/coloquioeducon.com\/xvi\/resumos-2022-eixo-1\/\">\ud83d\udcdd<\/a><\/strong><\/p><p><strong>2 Educa\u00e7\u00e3o Inclusiva e Educa\u00e7\u00e3o Especial <a href=\"https:\/\/coloquioeducon.com\/xvi\/resumos-2022-eixo-2\">\ud83d\udcdd<\/a><\/strong><\/p><p><strong>3 Educa\u00e7\u00e3o, Sociedade e Pr\u00e1ticas Educativas <a href=\"https:\/\/coloquioeducon.com\/xvi\/resumos-2022-eixo-3\">\ud83d\udcdd<\/a><\/strong><\/p><p><strong>4 Forma\u00e7\u00e3o de Professores, Mem\u00f3rias e Hist\u00f3ria da Educa\u00e7\u00e3o <a href=\"https:\/\/coloquioeducon.com\/xvi\/resumos-2022-eixo-4\">\ud83d\udcdd<\/a><\/strong><\/p><p><strong>5 Ensino de Matem\u00e1tica e Ci\u00eancias da Natureza <a href=\"https:\/\/coloquioeducon.com\/xvi\/resumos-2022-eixo-5\">\ud83d\udcdd<\/a><\/strong><\/p><p><strong>6 Neuroeduca\u00e7\u00e3o, Ensino de Ci\u00eancias Humanas e Sociais e Linguagem <a href=\"https:\/\/coloquioeducon.com\/xvi\/resumos-2022-eixo-6\">\ud83d\udcdd<\/a><\/strong><\/p><p><strong>7 Educa\u00e7\u00e3o, Corpo e G\u00eanero <a href=\"https:\/\/coloquioeducon.com\/xvi\/resumos-2022-eixo-7\">\ud83d\udcdd<\/a><\/strong><\/p><p><strong>8 Educa\u00e7\u00e3o, Inova\u00e7\u00e3o e Tecnologias <a href=\"https:\/\/coloquioeducon.com\/xvi\/resumos-2022-eixo-8\">\ud83d\udcdd<\/a><\/strong><\/p><p><strong>9 Rela\u00e7\u00e3o com o Saber <a href=\"https:\/\/coloquioeducon.com\/xvi\/resumos-2022-eixo-9\">\ud83d\udcdd<\/a><\/strong><\/p><p><strong>10 Pol\u00edticas de Educa\u00e7\u00e3o Superior <a href=\"https:\/\/coloquioeducon.com\/xvi\/resumos-2022-eixo-10\">\ud83d\udcdd<\/a><\/strong><\/p><p><strong>11 Curr\u00edculo, Gest\u00e3o e Organiza\u00e7\u00e3o do Trabalho Pedag\u00f3gico <a href=\"https:\/\/coloquioeducon.com\/xvi\/resumos-2022-eixo-11\">\ud83d\udcdd<\/a><\/strong><\/p><p><strong>12 Educa\u00e7\u00e3o, Cultura e Arte <a href=\"https:\/\/coloquioeducon.com\/xvi\/resumos-2022-eixo-12\">\ud83d\udcdd<\/a><\/strong><\/p><p><strong>13 Educa\u00e7\u00e3o e Sa\u00fade <a href=\"https:\/\/coloquioeducon.com\/xvi\/resumos-2022-eixo-13\">\ud83d\udcdd<\/a><\/strong><\/p><p><strong>14 Direito, Sociedade e Contemporaneidade <a href=\"https:\/\/coloquioeducon.com\/xvi\/resumos-2022-eixo-14\">\ud83d\udcdd<\/a><\/strong><\/p><p><strong>15 Pesquisa e Transdisciplinaridade <a href=\"https:\/\/coloquioeducon.com\/xvi\/resumos-2022-eixo-15\">\ud83d\udcdd<\/a><\/strong><\/p>\t\t\t\t\t\t\t\t<\/div>\n\t\t\t\t<\/div>\n\t\t\t\t\t<\/div>\n\t\t<\/div>\n\t\t\t\t\t<\/div>\n\t\t<\/section>\n\t\t\t\t<\/div>\n\t\t","protected":false},"excerpt":{"rendered":"<p>Editores: Veleida Anahi Capua da Silva Charlot, Bernard Charlot &amp; Yan Capua Charlot 1 Pol\u00edticas P\u00fablicas para a Educa\u00e7\u00e3o B\u00e1sica, [&hellip;]<\/p>\n","protected":false},"author":1,"featured_media":0,"parent":0,"menu_order":0,"comment_status":"closed","ping_status":"closed","template":"","meta":{"site-sidebar-layout":"default","site-content-layout":"","ast-site-content-layout":"default","site-content-style":"default","site-sidebar-style":"default","ast-global-header-display":"","ast-banner-title-visibility":"","ast-main-header-display":"","ast-hfb-above-header-display":"","ast-hfb-below-header-display":"","ast-hfb-mobile-header-display":"","site-post-title":"","ast-breadcrumbs-content":"","ast-featured-img":"","footer-sml-layout":"","theme-transparent-header-meta":"","adv-header-id-meta":"","stick-header-meta":"","header-above-stick-meta":"","header-main-stick-meta":"","header-below-stick-meta":"","astra-migrate-meta-layouts":"default","ast-page-background-enabled":"default","ast-page-background-meta":{"desktop":{"background-color":"var(--ast-global-color-5)","background-image":"","background-repeat":"repeat","background-position":"center center","background-size":"auto","background-attachment":"scroll","background-type":"","background-media":"","overlay-type":"","overlay-color":"","overlay-opacity":"","overlay-gradient":""},"tablet":{"background-color":"","background-image":"","background-repeat":"repeat","background-position":"center center","background-size":"auto","background-attachment":"scroll","background-type":"","background-media":"","overlay-type":"","overlay-color":"","overlay-opacity":"","overlay-gradient":""},"mobile":{"background-color":"","background-image":"","background-repeat":"repeat","background-position":"center center","background-size":"auto","background-attachment":"scroll","background-type":"","background-media":"","overlay-type":"","overlay-color":"","overlay-opacity":"","overlay-gradient":""}},"ast-content-background-meta":{"desktop":{"background-color":"var(--ast-global-color-4)","background-image":"","background-repeat":"repeat","background-position":"center center","background-size":"auto","background-attachment":"scroll","background-type":"","background-media":"","overlay-type":"","overlay-color":"","overlay-opacity":"","overlay-gradient":""},"tablet":{"background-color":"var(--ast-global-color-4)","background-image":"","background-repeat":"repeat","background-position":"center center","background-size":"auto","background-attachment":"scroll","background-type":"","background-media":"","overlay-type":"","overlay-color":"","overlay-opacity":"","overlay-gradient":""},"mobile":{"background-color":"var(--ast-global-color-4)","background-image":"","background-repeat":"repeat","background-position":"center center","background-size":"auto","background-attachment":"scroll","background-type":"","background-media":"","overlay-type":"","overlay-color":"","overlay-opacity":"","overlay-gradient":""}},"footnotes":""},"class_list":["post-3818","page","type-page","status-publish","hentry"],"_links":{"self":[{"href":"https:\/\/coloquioeducon.com\/xvii\/wp-json\/wp\/v2\/pages\/3818","targetHints":{"allow":["GET"]}}],"collection":[{"href":"https:\/\/coloquioeducon.com\/xvii\/wp-json\/wp\/v2\/pages"}],"about":[{"href":"https:\/\/coloquioeducon.com\/xvii\/wp-json\/wp\/v2\/types\/page"}],"author":[{"embeddable":true,"href":"https:\/\/coloquioeducon.com\/xvii\/wp-json\/wp\/v2\/users\/1"}],"replies":[{"embeddable":true,"href":"https:\/\/coloquioeducon.com\/xvii\/wp-json\/wp\/v2\/comments?post=3818"}],"version-history":[{"count":39,"href":"https:\/\/coloquioeducon.com\/xvii\/wp-json\/wp\/v2\/pages\/3818\/revisions"}],"predecessor-version":[{"id":3920,"href":"https:\/\/coloquioeducon.com\/xvii\/wp-json\/wp\/v2\/pages\/3818\/revisions\/3920"}],"wp:attachment":[{"href":"https:\/\/coloquioeducon.com\/xvii\/wp-json\/wp\/v2\/media?parent=3818"}],"curies":[{"name":"wp","href":"https:\/\/api.w.org\/{rel}","templated":true}]}}